{"id":45,"date":"2018-08-17T10:18:35","date_gmt":"2018-08-17T08:18:35","guid":{"rendered":"http:\/\/feromex.pl\/?page_id=45"},"modified":"2018-11-17T21:13:59","modified_gmt":"2018-11-17T20:13:59","slug":"produkcja-biopaliw","status":"publish","type":"page","link":"https:\/\/feromex.pl\/index.php\/produkcja-biopaliw\/","title":{"rendered":"Produkcja BIOpaliw"},"content":{"rendered":"\t\t<div data-elementor-type=\"wp-post\" data-elementor-id=\"45\" class=\"elementor elementor-45 elementor-bc-flex-widget\" data-elementor-settings=\"[]\">\n\t\t\t\t\t\t<div class=\"elementor-inner\">\n\t\t\t\t\t\t\t<div class=\"elementor-section-wrap\">\n\t\t\t\t\t\t\t<section class=\"elementor-section elementor-top-section elementor-element elementor-element-e32f417 elementor-section-stretched elementor-section-height-min-height elementor-section-items-top elementor-section-boxed elementor-section-height-default\" data-id=\"e32f417\" data-element_type=\"section\" data-settings=\"{&quot;stretch_section&quot;:&quot;section-stretched&quot;,&quot;background_background&quot;:&quot;classic&quot;}\">\n\t\t\t\t\t\t<div class=\"elementor-container elementor-column-gap-default\">\n\t\t\t\t\t\t\t<div class=\"elementor-row\">\n\t\t\t\t\t<div class=\"elementor-column elementor-col-100 elementor-top-column elementor-element elementor-element-7955cfdb\" data-id=\"7955cfdb\" data-element_type=\"column\">\n\t\t\t<div class=\"elementor-column-wrap elementor-element-populated\">\n\t\t\t\t\t\t\t<div class=\"elementor-widget-wrap\">\n\t\t\t\t\t\t<section class=\"elementor-section elementor-inner-section elementor-element elementor-element-71df1369 elementor-section-content-middle navbar elementor-section-full_width elementor-section-height-default elementor-section-height-default\" data-id=\"71df1369\" data-element_type=\"section\" data-settings=\"{&quot;background_background&quot;:&quot;classic&quot;}\">\n\t\t\t\t\t\t<div class=\"elementor-container elementor-column-gap-default\">\n\t\t\t\t\t\t\t<div class=\"elementor-row\">\n\t\t\t\t\t<div class=\"elementor-column elementor-col-50 elementor-inner-column elementor-element elementor-element-79a977c1\" data-id=\"79a977c1\" data-element_type=\"column\">\n\t\t\t<div class=\"elementor-column-wrap elementor-element-populated\">\n\t\t\t\t\t\t\t<div class=\"elementor-widget-wrap\">\n\t\t\t\t\t\t<div class=\"elementor-element elementor-element-72d78238 elementor-align-left animated-slow elementor-invisible elementor-widget elementor-widget-elementor-branding\" data-id=\"72d78238\" data-element_type=\"widget\" data-settings=\"{&quot;_animation&quot;:&quot;fadeInLeft&quot;,&quot;_animation_delay&quot;:250}\" data-widget_type=\"elementor-branding.default\">\n\t\t\t\t<div class=\"elementor-widget-container\">\n\t\t\t\t\t\n\t\t<div id=\"elementor-branding\" class=\"elementor-branding\">\n\t\t\t<div class=\"header-title\">\n\t\t\t\t\t\t\n\t\t\t\t\t\t<\/div>\n\t\t<\/div>\n\t\t\t\t<\/div>\n\t\t\t\t<\/div>\n\t\t\t\t\t\t<\/div>\n\t\t\t\t\t<\/div>\n\t\t<\/div>\n\t\t\t\t<div class=\"elementor-column elementor-col-50 elementor-inner-column elementor-element elementor-element-c155bbc\" data-id=\"c155bbc\" data-element_type=\"column\">\n\t\t\t<div class=\"elementor-column-wrap elementor-element-populated\">\n\t\t\t\t\t\t\t<div class=\"elementor-widget-wrap\">\n\t\t\t\t\t\t<div class=\"elementor-element elementor-element-abaf721 elementor-align-right animated-slow elementor-hidden-tablet elementor-hidden-phone elementor-invisible elementor-widget elementor-widget-default-navmenu\" data-id=\"abaf721\" data-element_type=\"widget\" data-settings=\"{&quot;_animation&quot;:&quot;fadeInRight&quot;}\" data-widget_type=\"default-navmenu.default\">\n\t\t\t\t<div class=\"elementor-widget-container\">\n\t\t\t<div id=\"elementor-header-primary\" class=\"elementor-header\">\t\t\t<button id=\"elementor-menu-toggle\" class=\"elementor-menu-toggle\"><i class=\"fa fa-navicon\"><\/i><\/button>\n\t\t\t<div id=\"elementor-menu\" class=\"elementor-menu\">\n\t\t\t\n\t\t\t\t<nav itemtype=\"http:\/\/schema.org\/SiteNavigationElement\" itemscope=\"itemscope\" id=\"elementor-navigation\" class=\"elementor-navigation\" role=\"navigation\" aria-label=\"Elementor Menu\">\t\t\t\t\n\t\t\t\t<ul id=\"elementor-navmenu\" class=\"elementor-nav-menu\"><li id=\"menu-item-60\" class=\"menu-item menu-item-type-post_type menu-item-object-page menu-item-60\"><a href=\"https:\/\/feromex.pl\/index.php\/o-firmie\/\">O Firmie<\/a><\/li>\n<li id=\"menu-item-52\" class=\"menu-item menu-item-type-post_type menu-item-object-page menu-item-has-children menu-item-52\"><a href=\"https:\/\/feromex.pl\/index.php\/produkty\/\">Oferta<\/a>\n<ul class=\"sub-menu\">\n\t<li id=\"menu-item-57\" class=\"menu-item menu-item-type-post_type menu-item-object-page menu-item-57\"><a href=\"https:\/\/feromex.pl\/index.php\/produkty\/kotly-na-pellet\/\">Kot\u0142y na pellet<\/a><\/li>\n\t<li id=\"menu-item-56\" class=\"menu-item menu-item-type-post_type menu-item-object-page menu-item-56\"><a href=\"https:\/\/feromex.pl\/index.php\/produkty\/kotly-wielopaliwowe\/\">Kot\u0142y na paliwo sta\u0142e<\/a><\/li>\n\t<li id=\"menu-item-53\" class=\"menu-item menu-item-type-post_type menu-item-object-page menu-item-53\"><a href=\"https:\/\/feromex.pl\/index.php\/produkty\/kotly-wielopaliwowe-2\/\">Kot\u0142y wielopaliwowe<\/a><\/li>\n\t<li id=\"menu-item-55\" class=\"menu-item menu-item-type-post_type menu-item-object-page menu-item-55\"><a href=\"https:\/\/feromex.pl\/index.php\/produkty\/palniki-na-pellet\/\">Palniki na pellet<\/a><\/li>\n<\/ul>\n<\/li>\n<li id=\"menu-item-50\" class=\"menu-item menu-item-type-post_type menu-item-object-page menu-item-50\"><a href=\"https:\/\/feromex.pl\/index.php\/serwis\/\">Serwis<\/a><\/li>\n<li id=\"menu-item-49\" class=\"menu-item menu-item-type-post_type menu-item-object-page menu-item-49\"><a href=\"https:\/\/feromex.pl\/index.php\/kontakt\/\">Kontakt<\/a><\/li>\n<li id=\"menu-item-221\" class=\"menu-item menu-item-type-post_type menu-item-object-page menu-item-221\"><a href=\"https:\/\/feromex.pl\/index.php\/pellets-sprzedaz\/\">Zam\u00f3w pelet<\/a><\/li>\n<\/ul>\t\t\n\t\t\t\t\t\t\t\t<\/nav>\n\t\t\t<\/div>\n\t\t<\/div>\n\t\t\t\t<\/div>\n\t\t\t\t<\/div>\n\t\t\t\t<div class=\"elementor-element elementor-element-9c31e2a elementor-hidden-desktop elementor-widget elementor-widget-full-screen-menu-for-elementor\" data-id=\"9c31e2a\" data-element_type=\"widget\" data-widget_type=\"full-screen-menu-for-elementor.default\">\n\t\t\t\t<div class=\"elementor-widget-container\">\n\t\t\t\t\t<div class=\"fsmfe-wrapper\">\n\t\t\t<input type=\"checkbox\" id=\"menu-toggle-69ecd514e2f4d\" class=\"menu-toggle\">\n\t\t\t<label for=\"menu-toggle-69ecd514e2f4d\" class=\"icon-bars\">\n\t\t\t\t<span class=\"icon-bar bar-top\"><\/span>\n\t\t\t\t<span class=\"icon-bar bar-middle\"><\/span>\n\t\t\t\t<span class=\"icon-bar bar-bottom\"><\/span>\n\t\t\t<\/label>\n\t\t\t<div class=\"menu-overlay\">\n\t\t\t\t<div class=\"content-type-menu\">\n\t\t\t\t\t<ul id=\"menu-top-menu\" class=\"content-type-menu\"><li class=\"menu-item menu-item-type-post_type menu-item-object-page menu-item-60\"><a href=\"https:\/\/feromex.pl\/index.php\/o-firmie\/\">O Firmie<\/a><\/li>\n<li class=\"menu-item menu-item-type-post_type menu-item-object-page menu-item-has-children menu-item-52\"><a href=\"https:\/\/feromex.pl\/index.php\/produkty\/\">Oferta<\/a>\n<ul class=\"sub-menu\">\n\t<li class=\"menu-item menu-item-type-post_type menu-item-object-page menu-item-57\"><a href=\"https:\/\/feromex.pl\/index.php\/produkty\/kotly-na-pellet\/\">Kot\u0142y na pellet<\/a><\/li>\n\t<li class=\"menu-item menu-item-type-post_type menu-item-object-page menu-item-56\"><a href=\"https:\/\/feromex.pl\/index.php\/produkty\/kotly-wielopaliwowe\/\">Kot\u0142y na paliwo sta\u0142e<\/a><\/li>\n\t<li class=\"menu-item menu-item-type-post_type menu-item-object-page menu-item-53\"><a href=\"https:\/\/feromex.pl\/index.php\/produkty\/kotly-wielopaliwowe-2\/\">Kot\u0142y wielopaliwowe<\/a><\/li>\n\t<li class=\"menu-item menu-item-type-post_type menu-item-object-page menu-item-55\"><a href=\"https:\/\/feromex.pl\/index.php\/produkty\/palniki-na-pellet\/\">Palniki na pellet<\/a><\/li>\n<\/ul>\n<\/li>\n<li class=\"menu-item menu-item-type-post_type menu-item-object-page menu-item-50\"><a href=\"https:\/\/feromex.pl\/index.php\/serwis\/\">Serwis<\/a><\/li>\n<li class=\"menu-item menu-item-type-post_type menu-item-object-page menu-item-49\"><a href=\"https:\/\/feromex.pl\/index.php\/kontakt\/\">Kontakt<\/a><\/li>\n<li class=\"menu-item menu-item-type-post_type menu-item-object-page menu-item-221\"><a href=\"https:\/\/feromex.pl\/index.php\/pellets-sprzedaz\/\">Zam\u00f3w pelet<\/a><\/li>\n<\/ul>\t\t\t\t<\/div>\n\t\t\t<\/div>\n\t\t<\/div>\n\t\t\t\t<\/div>\n\t\t\t\t<\/div>\n\t\t\t\t\t\t<\/div>\n\t\t\t\t\t<\/div>\n\t\t<\/div>\n\t\t\t\t\t\t\t\t<\/div>\n\t\t\t\t\t<\/div>\n\t\t<\/section>\n\t\t\t\t<section class=\"elementor-section elementor-inner-section elementor-element elementor-element-67df510 elementor-section-content-middle navbar elementor-section-full_width elementor-section-height-default elementor-section-height-default\" data-id=\"67df510\" data-element_type=\"section\" data-settings=\"{&quot;background_background&quot;:&quot;classic&quot;}\">\n\t\t\t\t\t\t<div class=\"elementor-container elementor-column-gap-default\">\n\t\t\t\t\t\t\t<div class=\"elementor-row\">\n\t\t\t\t\t<div class=\"elementor-column elementor-col-33 elementor-inner-column elementor-element elementor-element-1e9ca1d\" data-id=\"1e9ca1d\" data-element_type=\"column\">\n\t\t\t<div class=\"elementor-column-wrap\">\n\t\t\t\t\t\t\t<div class=\"elementor-widget-wrap\">\n\t\t\t\t\t\t\t\t<\/div>\n\t\t\t\t\t<\/div>\n\t\t<\/div>\n\t\t\t\t<div class=\"elementor-column elementor-col-33 elementor-inner-column elementor-element elementor-element-98c9004\" data-id=\"98c9004\" data-element_type=\"column\">\n\t\t\t<div class=\"elementor-column-wrap elementor-element-populated\">\n\t\t\t\t\t\t\t<div class=\"elementor-widget-wrap\">\n\t\t\t\t\t\t<div class=\"elementor-element elementor-element-79bd539 elementor-widget elementor-widget-heading\" data-id=\"79bd539\" data-element_type=\"widget\" data-widget_type=\"heading.default\">\n\t\t\t\t<div class=\"elementor-widget-container\">\n\t\t\t<h1 class=\"elementor-heading-title elementor-size-xxl\">\t\t\nProdukcja BIO Paliw<\/h1>\t\t<\/div>\n\t\t\t\t<\/div>\n\t\t\t\t\t\t<\/div>\n\t\t\t\t\t<\/div>\n\t\t<\/div>\n\t\t\t\t<div class=\"elementor-column elementor-col-33 elementor-inner-column elementor-element elementor-element-ca7e902\" data-id=\"ca7e902\" data-element_type=\"column\">\n\t\t\t<div class=\"elementor-column-wrap\">\n\t\t\t\t\t\t\t<div class=\"elementor-widget-wrap\">\n\t\t\t\t\t\t\t\t<\/div>\n\t\t\t\t\t<\/div>\n\t\t<\/div>\n\t\t\t\t\t\t\t\t<\/div>\n\t\t\t\t\t<\/div>\n\t\t<\/section>\n\t\t\t\t\t\t<\/div>\n\t\t\t\t\t<\/div>\n\t\t<\/div>\n\t\t\t\t\t\t\t\t<\/div>\n\t\t\t\t\t<\/div>\n\t\t<\/section>\n\t\t\t\t<section class=\"elementor-section elementor-top-section elementor-element elementor-element-a7ffee4 elementor-section-boxed elementor-section-height-default elementor-section-height-default\" data-id=\"a7ffee4\" data-element_type=\"section\">\n\t\t\t\t\t\t<div class=\"elementor-container elementor-column-gap-default\">\n\t\t\t\t\t\t\t<div class=\"elementor-row\">\n\t\t\t\t\t<div class=\"elementor-column elementor-col-100 elementor-top-column elementor-element elementor-element-cc3811b\" data-id=\"cc3811b\" data-element_type=\"column\">\n\t\t\t<div class=\"elementor-column-wrap elementor-element-populated\">\n\t\t\t\t\t\t\t<div class=\"elementor-widget-wrap\">\n\t\t\t\t\t\t<div class=\"elementor-element elementor-element-a9cef50 elementor-widget elementor-widget-heading\" data-id=\"a9cef50\" data-element_type=\"widget\" data-widget_type=\"heading.default\">\n\t\t\t\t<div class=\"elementor-widget-container\">\n\t\t\t<h2 class=\"elementor-heading-title elementor-size-default\">Koszty spo\u0142eczne energetyki odnawialnej<\/h2>\t\t<\/div>\n\t\t\t\t<\/div>\n\t\t\t\t<div class=\"elementor-element elementor-element-77f589d elementor-widget elementor-widget-text-editor\" data-id=\"77f589d\" data-element_type=\"widget\" data-widget_type=\"text-editor.default\">\n\t\t\t\t<div class=\"elementor-widget-container\">\n\t\t\t\t\t\t\t\t<div class=\"elementor-text-editor elementor-clearfix\">\n\t\t\t\t<p>Wytwarzanie urz\u0105dze\u0144 do spalania biomasy i uprawy energetyczne mog\u0105 zatrudni\u0107 w Polsce 5 razy wi\u0119cej os\u00f3b ni\u017c w energetyce konwencjonalnej i 15 razy wi\u0119cej ni\u017c w energetyce j\u0105drowej (Kraczun, Kassennberg 2001).<\/p>\t\t\t\t\t<\/div>\n\t\t\t\t\t\t<\/div>\n\t\t\t\t<\/div>\n\t\t\t\t<div class=\"elementor-element elementor-element-3435da0 elementor-widget elementor-widget-heading\" data-id=\"3435da0\" data-element_type=\"widget\" data-widget_type=\"heading.default\">\n\t\t\t\t<div class=\"elementor-widget-container\">\n\t\t\t<h2 class=\"elementor-heading-title elementor-size-default\">Ro\u015bliny energetyczne<\/h2>\t\t<\/div>\n\t\t\t\t<\/div>\n\t\t\t\t<div class=\"elementor-element elementor-element-d387f92 elementor-widget elementor-widget-text-editor\" data-id=\"d387f92\" data-element_type=\"widget\" data-widget_type=\"text-editor.default\">\n\t\t\t\t<div class=\"elementor-widget-container\">\n\t\t\t\t\t\t\t\t<div class=\"elementor-text-editor elementor-clearfix\">\n\t\t\t\t<p>Ze wzgl\u0119du na \u0142atwo\u015b\u0107 uprawy i mo\u017cliwo\u015bci wykorzystywania jako biomasy na uwag\u0119 zas\u0142uguj\u0105: wierzba, trawy wieloletnie (miskant olbrzymi, miskant cukrowy, spartina preriowa), topinambur (s\u0142onecznik bulwiasty), \u015blazowiec pensylwa\u0144ski.<\/p>\t\t\t\t\t<\/div>\n\t\t\t\t\t\t<\/div>\n\t\t\t\t<\/div>\n\t\t\t\t<div class=\"elementor-element elementor-element-dea8944 elementor-widget elementor-widget-heading\" data-id=\"dea8944\" data-element_type=\"widget\" data-widget_type=\"heading.default\">\n\t\t\t\t<div class=\"elementor-widget-container\">\n\t\t\t<h2 class=\"elementor-heading-title elementor-size-default\">Wierzba<\/h2>\t\t<\/div>\n\t\t\t\t<\/div>\n\t\t\t\t<div class=\"elementor-element elementor-element-b083d04 elementor-widget elementor-widget-text-editor\" data-id=\"b083d04\" data-element_type=\"widget\" data-widget_type=\"text-editor.default\">\n\t\t\t\t<div class=\"elementor-widget-container\">\n\t\t\t\t\t\t\t\t<div class=\"elementor-text-editor elementor-clearfix\">\n\t\t\t\t<p>Najpopularniejsza w Polsce ro\u015blina na plantacje energetyczne, co wynika z niewielkich wymaga\u0144 ro\u015bliny. Optymalny odczyn gleby to 5,5 \u2013 6,6 pH, plantacje mo\u017cna zak\u0142ada\u0107 na klasie bonitacyjnej III \u2013 VI, powinny by\u0107 uregulowane stosunki wodne, gleba odchwaszczona, g\u0142\u0119boko spulchniona.<\/p>\t\t\t\t\t<\/div>\n\t\t\t\t\t\t<\/div>\n\t\t\t\t<\/div>\n\t\t\t\t<div class=\"elementor-element elementor-element-765f6b9 elementor-widget elementor-widget-heading\" data-id=\"765f6b9\" data-element_type=\"widget\" data-widget_type=\"heading.default\">\n\t\t\t\t<div class=\"elementor-widget-container\">\n\t\t\t<h2 class=\"elementor-heading-title elementor-size-default\">Zak\u0142adanie plantacji<\/h2>\t\t<\/div>\n\t\t\t\t<\/div>\n\t\t\t\t<div class=\"elementor-element elementor-element-6148c6c elementor-widget elementor-widget-text-editor\" data-id=\"6148c6c\" data-element_type=\"widget\" data-widget_type=\"text-editor.default\">\n\t\t\t\t<div class=\"elementor-widget-container\">\n\t\t\t\t\t\t\t\t<div class=\"elementor-text-editor elementor-clearfix\">\n\t\t\t\t<p>Plantacje energetyczna mo\u017cna zak\u0142ada\u0107 wczesna wiosna b\u0105d\u017a jesieni\u0105 Sadzonki to sztobry, kt\u00f3re powsta\u0142y z poci\u0119tego na kawa\u0142ki p\u0119du. Sadzonki maj\u0105 d\u0142ugo\u015b\u0107 oko\u0142o 25 cm. Sadzonki sadzi si\u0119 w odleg\u0142o\u015bci od siebie 20 \u2013 40 cm. Odleg\u0142o\u015b\u0107 pomi\u0119dzy rz\u0119dami 60 \u2013 70 cm.<\/p>\t\t\t\t\t<\/div>\n\t\t\t\t\t\t<\/div>\n\t\t\t\t<\/div>\n\t\t\t\t<div class=\"elementor-element elementor-element-ee3ca75 elementor-widget elementor-widget-heading\" data-id=\"ee3ca75\" data-element_type=\"widget\" data-widget_type=\"heading.default\">\n\t\t\t\t<div class=\"elementor-widget-container\">\n\t\t\t<h2 class=\"elementor-heading-title elementor-size-default\">Wysoko\u015b\u0107 plon\u00f3w<\/h2>\t\t<\/div>\n\t\t\t\t<\/div>\n\t\t\t\t<div class=\"elementor-element elementor-element-aa9f982 elementor-widget elementor-widget-text-editor\" data-id=\"aa9f982\" data-element_type=\"widget\" data-widget_type=\"text-editor.default\">\n\t\t\t\t<div class=\"elementor-widget-container\">\n\t\t\t\t\t\t\t\t<div class=\"elementor-text-editor elementor-clearfix\">\n\t\t\t\t<ul><li>W Polsce od 20 do 70 ton \u015bwie\u017cej masy z hektara rocznie.<\/li><li>Skandynawia 10 \u2013 20 ton \u015bwie\u017cej masy z hektara rocznie.<\/li><li>W pierwszym roku pozyskujemy ok.. 45% masy w drugim 75% a dopiero od trzeciego 100%.<\/li><li>Prawid\u0142owo prowadzona plantacja to 15 \u2013 20 lat u\u017cytkowania.<\/li><\/ul>\t\t\t\t\t<\/div>\n\t\t\t\t\t\t<\/div>\n\t\t\t\t<\/div>\n\t\t\t\t<div class=\"elementor-element elementor-element-be9fe43 elementor-widget elementor-widget-heading\" data-id=\"be9fe43\" data-element_type=\"widget\" data-widget_type=\"heading.default\">\n\t\t\t\t<div class=\"elementor-widget-container\">\n\t\t\t<h2 class=\"elementor-heading-title elementor-size-default\">Plantacja wierzby<\/h2>\t\t<\/div>\n\t\t\t\t<\/div>\n\t\t\t\t<div class=\"elementor-element elementor-element-5fe70b5 elementor-widget elementor-widget-text-editor\" data-id=\"5fe70b5\" data-element_type=\"widget\" data-widget_type=\"text-editor.default\">\n\t\t\t\t<div class=\"elementor-widget-container\">\n\t\t\t\t\t\t\t\t<div class=\"elementor-text-editor elementor-clearfix\">\n\t\t\t\t<p>Tworz\u0105c plantacje wielko\u015bci 300 ha od 3 roku pozyskujemy \u015brednio 3 500 ton \u015bwie\u017cej masy.<\/p>\t\t\t\t\t<\/div>\n\t\t\t\t\t\t<\/div>\n\t\t\t\t<\/div>\n\t\t\t\t\t\t<\/div>\n\t\t\t\t\t<\/div>\n\t\t<\/div>\n\t\t\t\t\t\t\t\t<\/div>\n\t\t\t\t\t<\/div>\n\t\t<\/section>\n\t\t\t\t<section class=\"elementor-section elementor-top-section elementor-element elementor-element-3b5beee8 elementor-section-stretched elementor-section-height-min-height elementor-section-boxed elementor-section-height-default elementor-section-items-middle\" data-id=\"3b5beee8\" data-element_type=\"section\" data-settings=\"{&quot;stretch_section&quot;:&quot;section-stretched&quot;,&quot;background_background&quot;:&quot;classic&quot;}\">\n\t\t\t\t\t\t<div class=\"elementor-container elementor-column-gap-default\">\n\t\t\t\t\t\t\t<div class=\"elementor-row\">\n\t\t\t\t\t<div class=\"elementor-column elementor-col-100 elementor-top-column elementor-element elementor-element-61b5ea0\" data-id=\"61b5ea0\" data-element_type=\"column\">\n\t\t\t<div class=\"elementor-column-wrap elementor-element-populated\">\n\t\t\t\t\t\t\t<div class=\"elementor-widget-wrap\">\n\t\t\t\t\t\t<div class=\"elementor-element elementor-element-3a652ce7 elementor-widget elementor-widget-heading\" data-id=\"3a652ce7\" data-element_type=\"widget\" data-widget_type=\"heading.default\">\n\t\t\t\t<div class=\"elementor-widget-container\">\n\t\t\t<h6 class=\"elementor-heading-title elementor-size-default\">Copyright Feromex &copy;2018 | Coded by 4NET.PRO<\/h6>\t\t<\/div>\n\t\t\t\t<\/div>\n\t\t\t\t\t\t<\/div>\n\t\t\t\t\t<\/div>\n\t\t<\/div>\n\t\t\t\t\t\t\t\t<\/div>\n\t\t\t\t\t<\/div>\n\t\t<\/section>\n\t\t\t\t\t\t<\/div>\n\t\t\t\t\t\t<\/div>\n\t\t\t\t\t<\/div>\n\t\t","protected":false},"excerpt":{"rendered":"<p>O Firmie Oferta Kot\u0142y na pellet Kot\u0142y na paliwo sta\u0142e Kot\u0142y wielopaliwowe Palniki na pellet Serwis Kontakt Zam\u00f3w pelet O Firmie Oferta Kot\u0142y na pellet Kot\u0142y na paliwo sta\u0142e Kot\u0142y wielopaliwowe Palniki na pellet Serwis Kontakt Zam\u00f3w pelet Produkcja BIO Paliw Koszty spo\u0142eczne energetyki odnawialnej Wytwarzanie urz\u0105dze\u0144 do spalania biomasy i uprawy energetyczne mog\u0105 zatrudni\u0107&hellip;&nbsp;<a href=\"https:\/\/feromex.pl\/index.php\/produkcja-biopaliw\/\" class=\"\" rel=\"bookmark\">Czytaj dalej &raquo;<span class=\"screen-reader-text\">Produkcja BIOpaliw<\/span><\/a><\/p>\n","protected":false},"author":1,"featured_media":0,"parent":0,"menu_order":0,"comment_status":"closed","ping_status":"closed","template":"elementor_header_footer","meta":{"neve_meta_sidebar":"","neve_meta_container":"","neve_meta_enable_content_width":"","neve_meta_content_width":0,"neve_meta_title_alignment":"","neve_meta_author_avatar":"","neve_post_elements_order":"","neve_meta_disable_header":"","neve_meta_disable_footer":"","neve_meta_disable_title":"","spay_email":""},"jetpack_shortlink":"https:\/\/wp.me\/PabSdR-J","jetpack-related-posts":[{"id":27,"url":"https:\/\/feromex.pl\/index.php\/kontakt\/","url_meta":{"origin":45,"position":0},"title":"Kontakt","date":"17 sierpnia 2018","format":false,"excerpt":"Kontakt O Firmie Oferta Kot\u0142y na pellet Kot\u0142y na paliwo sta\u0142e Kot\u0142y wielopaliwowe Palniki na pellet Serwis Kontakt Zam\u00f3w pelet O Firmie Oferta Kot\u0142y na pellet Kot\u0142y na paliwo sta\u0142e Kot\u0142y wielopaliwowe Palniki na pellet Serwis Kontakt Zam\u00f3w pelet Feromex Energia Odnawialna 31-548 Krak\u00f3w Aleja Pokoju Dzia\u0142 sprzeda\u017cy pelletu i\u2026","rel":"","context":"Similar post","img":{"alt_text":"","src":"","width":0,"height":0},"classes":[]},{"id":31,"url":"https:\/\/feromex.pl\/index.php\/produkty\/kotly-wielopaliwowe\/","url_meta":{"origin":45,"position":1},"title":"Kot\u0142y na paliwo sta\u0142e","date":"17 sierpnia 2018","format":false,"excerpt":"O Firmie Oferta Kot\u0142y na pellet Kot\u0142y na paliwo sta\u0142e Kot\u0142y wielopaliwowe Palniki na pellet Serwis Kontakt Zam\u00f3w pelet O Firmie Oferta Kot\u0142y na pellet Kot\u0142y na paliwo sta\u0142e Kot\u0142y wielopaliwowe Palniki na pellet Serwis Kontakt Zam\u00f3w pelet wyrzu\u0107 kopciucha! Ogrzewanie peletem jest ta\u0144sze od gazu ziemnego, oleju opa\u0142owego, gazu\u2026","rel":"","context":"Similar post","img":{"alt_text":"","src":"","width":0,"height":0},"classes":[]},{"id":39,"url":"https:\/\/feromex.pl\/index.php\/produkty\/kotly-wielopaliwowe-2\/","url_meta":{"origin":45,"position":2},"title":"Kot\u0142y wielopaliwowe","date":"17 sierpnia 2018","format":false,"excerpt":"O Firmie Oferta Kot\u0142y na pellet Kot\u0142y na paliwo sta\u0142e Kot\u0142y wielopaliwowe Palniki na pellet Serwis Kontakt Zam\u00f3w pelet O Firmie Oferta Kot\u0142y na pellet Kot\u0142y na paliwo sta\u0142e Kot\u0142y wielopaliwowe Palniki na pellet Serwis Kontakt Zam\u00f3w pelet Do wszystkiego to do niczego ! Nowoczesne\u00a0 kot\u0142y posiadaj\u0105 prcyzyjnie zaprojektowane komory\u2026","rel":"","context":"Similar post","img":{"alt_text":"","src":"","width":0,"height":0},"classes":[]},{"id":25,"url":"https:\/\/feromex.pl\/index.php\/serwis\/","url_meta":{"origin":45,"position":3},"title":"Serwis","date":"17 sierpnia 2018","format":false,"excerpt":"Serwis O Firmie Oferta Kot\u0142y na pellet Kot\u0142y na paliwo sta\u0142e Kot\u0142y wielopaliwowe Palniki na pellet Serwis Kontakt Zam\u00f3w pelet O Firmie Oferta Kot\u0142y na pellet Kot\u0142y na paliwo sta\u0142e Kot\u0142y wielopaliwowe Palniki na pellet Serwis Kontakt Zam\u00f3w pelet Informacje dla klient\u00f3w W trosce o wygod\u0119 naszych klient\u00f3w zorganizowali\u015bmy sie\u0107\u2026","rel":"","context":"Similar post","img":{"alt_text":"","src":"","width":0,"height":0},"classes":[]},{"id":207,"url":"https:\/\/feromex.pl\/index.php\/pellets-sprzedaz\/","url_meta":{"origin":45,"position":4},"title":"PELLETS &#8211; sprzeda\u017c","date":"7 listopada 2018","format":false,"excerpt":"sprzeda\u017c PELLETS O Firmie Oferta Kot\u0142y na pellet Kot\u0142y na paliwo sta\u0142e Kot\u0142y wielopaliwowe Palniki na pellet Serwis Kontakt Zam\u00f3w pelet O Firmie Oferta Kot\u0142y na pellet Kot\u0142y na paliwo sta\u0142e Kot\u0142y wielopaliwowe Palniki na pellet Serwis Kontakt Zam\u00f3w pelet Firma nasza oferuje dostawy peletu w opakowaniach: \u00a0\u00a0\u00a0>>\u00a0\u00a0Worki 15-20kg \u00a0\u00a0\u00a0>>\u00a0\u00a0\"BIGBAGI\"\u2026","rel":"","context":"Similar post","img":{"alt_text":"","src":"","width":0,"height":0},"classes":[]},{"id":35,"url":"https:\/\/feromex.pl\/index.php\/produkty\/palniki-na-pellet\/","url_meta":{"origin":45,"position":5},"title":"Palniki na pellet","date":"17 sierpnia 2018","format":false,"excerpt":"O Firmie Oferta Kot\u0142y na pellet Kot\u0142y na paliwo sta\u0142e Kot\u0142y wielopaliwowe Palniki na pellet Serwis Kontakt Zam\u00f3w pelet O Firmie Oferta Kot\u0142y na pellet Kot\u0142y na paliwo sta\u0142e Kot\u0142y wielopaliwowe Palniki na pellet Serwis Kontakt Zam\u00f3w pelet palniki na PELLETS Zgazowuj\u0105cy pellet palnik VIKING BIO 200 firmy Varmebaronen wykonany\u2026","rel":"","context":"Similar post","img":{"alt_text":"","src":"","width":0,"height":0},"classes":[]}],"_links":{"self":[{"href":"https:\/\/feromex.pl\/index.php\/wp-json\/wp\/v2\/pages\/45"}],"collection":[{"href":"https:\/\/feromex.pl\/index.php\/wp-json\/wp\/v2\/pages"}],"about":[{"href":"https:\/\/feromex.pl\/index.php\/wp-json\/wp\/v2\/types\/page"}],"author":[{"embeddable":true,"href":"https:\/\/feromex.pl\/index.php\/wp-json\/wp\/v2\/users\/1"}],"replies":[{"embeddable":true,"href":"https:\/\/feromex.pl\/index.php\/wp-json\/wp\/v2\/comments?post=45"}],"version-history":[{"count":5,"href":"https:\/\/feromex.pl\/index.php\/wp-json\/wp\/v2\/pages\/45\/revisions"}],"predecessor-version":[{"id":338,"href":"https:\/\/feromex.pl\/index.php\/wp-json\/wp\/v2\/pages\/45\/revisions\/338"}],"wp:attachment":[{"href":"https:\/\/feromex.pl\/index.php\/wp-json\/wp\/v2\/media?parent=45"}],"curies":[{"name":"wp","href":"https:\/\/api.w.org\/{rel}","templated":true}]}}